{"id":180,"date":"2021-01-26T11:39:29","date_gmt":"2021-01-26T11:39:29","guid":{"rendered":"https:\/\/tourismmarketingsolutions.com\/?page_id=180"},"modified":"2021-02-04T08:49:44","modified_gmt":"2021-02-04T08:49:44","slug":"180-2","status":"publish","type":"page","link":"https:\/\/tourismmarketingsolutions.com\/?page_id=180","title":{"rendered":"Servicios"},"content":{"rendered":"<p>[et_pb_section fb_built=\u00bb1&#8243; fullwidth=\u00bbon\u00bb admin_label=\u00bbPage Header\u00bb _builder_version=\u00bb4.7.3&#8243; background_enable_image=\u00bboff\u00bb parallax=\u00bbon\u00bb custom_margin=\u00bb||-142px|||\u00bb][et_pb_fullwidth_header title=\u00bbServicios de Marketing Tur\u00edstico\u00bb subhead=\u00bbpara empresas y destinos\u00bb header_fullscreen=\u00bbon\u00bb _builder_version=\u00bb4.7.3&#8243; _module_preset=\u00bbdefault\u00bb title_font=\u00bb|700|||||||\u00bb title_font_size=\u00bb35px\u00bb title_line_height=\u00bb1.2em\u00bb subhead_font=\u00bb|700|||||||\u00bb subhead_font_size=\u00bb35px\u00bb subhead_line_height=\u00bb1.3em\u00bb background_image=\u00bbhttps:\/\/tourismmarketingsolutions.com\/wp-content\/uploads\/2021\/01\/20200816_205355.jpg\u00bb background_position=\u00bbbottom_center\u00bb min_height=\u00bb453px\u00bb height=\u00bb477px\u00bb max_height=\u00bb538px\u00bb custom_padding=\u00bb|0px||||\u00bb][\/et_pb_fullwidth_header][\/et_pb_section][et_pb_section fb_built=\u00bb1&#8243; admin_label=\u00bbServices\u00bb _builder_version=\u00bb4.7.3&#8243; module_alignment=\u00bbcenter\u00bb custom_margin=\u00bb||68px|||\u00bb custom_padding=\u00bb0px||153px|||\u00bb border_width_top=\u00bb3px\u00bb border_color_top=\u00bb#12507e\u00bb][et_pb_row column_structure=\u00bb1_3,1_3,1_3&#8243; _builder_version=\u00bb4.7.3&#8243; background_size=\u00bbinitial\u00bb background_position=\u00bbtop_left\u00bb background_repeat=\u00bbrepeat\u00bb custom_padding=\u00bb56px|||||\u00bb][et_pb_column type=\u00bb1_3&#8243; _builder_version=\u00bb4.7.3&#8243; _module_preset=\u00bbdefault\u00bb][et_pb_pricing_tables _builder_version=\u00bb4.7.3&#8243; _module_preset=\u00bbdefault\u00bb][et_pb_pricing_table featured=\u00bbon\u00bb title=\u00bbBranding Integral\u00bb sum=\u00bbTe ayudamos a empezar de 0&#8243; bullet_color=\u00bb#ffffff\u00bb price_background_color=\u00bb#ffffff\u00bb header_background_color=\u00bb#ED6B6E\u00bb _builder_version=\u00bb4.7.3&#8243; _module_preset=\u00bbdefault\u00bb price_text_color=\u00bb#ED6B6E\u00bb header_level=\u00bbh1&#8243; header_font=\u00bbMontserrat|700|||||||\u00bb header_text_color=\u00bb#ffffff\u00bb header_font_size=\u00bb27px\u00bb body_font=\u00bb|600|||||||\u00bb body_line_height=\u00bb1.9em\u00bb subheader_font_size=\u00bb14px\u00bb price_font=\u00bb||on||||||\u00bb price_font_size=\u00bb25px\u00bb price_line_height=\u00bb20px\u00bb border_color_all=\u00bb#ED6B6E\u00bb border_color_all_price=\u00bb#ED6B6E\u00bb border_style_all_price=\u00bbdashed\u00bb sticky_transition=\u00bbon\u00bb]<\/p>\n<p><span>+ E<\/span><span>strategia de marca<\/span><\/p>\n<p><span>+ Logo,\u00a0<em>naming y i<\/em><\/span><span style=\"font-size: 14px;\">dentidad de marca<\/span><\/p>\n<p><span>+ Creaci\u00f3n de contenido web<\/span><\/p>\n<p><span>+ Storytelling<\/span><\/p>\n<p>[\/et_pb_pricing_table][\/et_pb_pricing_tables][\/et_pb_column][et_pb_column type=\u00bb1_3&#8243; _builder_version=\u00bb3.25&#8243; background_position=\u00bbtop_left\u00bb custom_padding=\u00bb|||\u00bb custom_padding__hover=\u00bb|||\u00bb][et_pb_pricing_tables _builder_version=\u00bb4.7.3&#8243; _module_preset=\u00bbdefault\u00bb min_height=\u00bb267px\u00bb height=\u00bb322px\u00bb max_height=\u00bb385px\u00bb][et_pb_pricing_table featured=\u00bbon\u00bb title=\u00bbComunicaci\u00f3n y RRPP\u00bb sum=\u00bbCreamos contenido\u00bb bullet_color=\u00bb#ffffff\u00bb price_background_color=\u00bb#ffffff\u00bb header_background_color=\u00bb#ED6B6E\u00bb _builder_version=\u00bb4.7.3&#8243; _module_preset=\u00bbdefault\u00bb price_text_color=\u00bb#ED6B6E\u00bb header_level=\u00bbh1&#8243; header_font=\u00bbMontserrat|700|||||||\u00bb header_text_color=\u00bb#ffffff\u00bb header_font_size=\u00bb27px\u00bb body_font=\u00bb|600|||||||\u00bb body_line_height=\u00bb1.9em\u00bb subheader_font_size=\u00bb14px\u00bb price_font=\u00bb||on||||||\u00bb price_font_size=\u00bb25px\u00bb price_line_height=\u00bb20px\u00bb border_color_all=\u00bb#ED6B6E\u00bb border_color_all_price=\u00bb#ED6B6E\u00bb border_style_all_price=\u00bbdashed\u00bb sticky_transition=\u00bbon\u00bb]<\/p>\n<p><span>+ Plan de Comunicaci\u00f3n<\/span><\/p>\n<p><span>+ Comunicaci\u00f3n interna y externa<\/span><\/p>\n<p><span>+ Relaci\u00f3n con los medios<\/span><\/p>\n<p><span>+ Organizaci\u00f3n de eventos\u00a0<\/span><\/p>\n<p>[\/et_pb_pricing_table][\/et_pb_pricing_tables][\/et_pb_column][et_pb_column type=\u00bb1_3&#8243; _builder_version=\u00bb3.25&#8243; background_position=\u00bbtop_left\u00bb custom_padding=\u00bb|||\u00bb custom_padding__hover=\u00bb|||\u00bb][et_pb_pricing_tables _builder_version=\u00bb4.7.3&#8243; _module_preset=\u00bbdefault\u00bb][et_pb_pricing_table featured=\u00bbon\u00bb title=\u00bbMarketing Digital y Redes Sociales\u00bb sum=\u00bbD\u00f3nde est\u00e9 tu cliente\u00bb bullet_color=\u00bb#ffffff\u00bb price_background_color=\u00bb#ffffff\u00bb header_background_color=\u00bb#ED6B6E\u00bb _builder_version=\u00bb4.7.3&#8243; _module_preset=\u00bbdefault\u00bb price_text_color=\u00bb#ED6B6E\u00bb header_level=\u00bbh1&#8243; header_font=\u00bbMontserrat|700|||||||\u00bb header_text_color=\u00bb#ffffff\u00bb header_font_size=\u00bb27px\u00bb body_font=\u00bb|600|||||||\u00bb body_line_height=\u00bb1.9em\u00bb subheader_font_size=\u00bb14px\u00bb price_font=\u00bb||on||||||\u00bb price_font_size=\u00bb25px\u00bb price_line_height=\u00bb20px\u00bb border_color_all=\u00bb#ED6B6E\u00bb border_color_all_price=\u00bb#ED6B6E\u00bb border_style_all_price=\u00bbdashed\u00bb sticky_transition=\u00bbon\u00bb]<\/p>\n<p><span style=\"font-size: 14px;\">+ Plan de comunicaci\u00f3n y Marketing digital (SEO y SEM)<\/span><\/p>\n<p><span style=\"font-size: 14px;\"><span>+ Community management y copywriting<\/span><\/span><\/p>\n<p><span>+ Estrategia de Redes Sociales y gesti\u00f3n de RRSS, Web y Blog<\/span><\/p>\n<p>[\/et_pb_pricing_table][\/et_pb_pricing_tables][\/et_pb_column][\/et_pb_row][et_pb_row column_structure=\u00bb1_3,1_3,1_3&#8243; _builder_version=\u00bb4.7.3&#8243; background_size=\u00bbinitial\u00bb background_position=\u00bbtop_left\u00bb background_repeat=\u00bbrepeat\u00bb custom_padding=\u00bb56px|||||\u00bb][et_pb_column type=\u00bb1_3&#8243; _builder_version=\u00bb4.7.3&#8243; _module_preset=\u00bbdefault\u00bb][et_pb_pricing_tables _builder_version=\u00bb4.7.3&#8243; _module_preset=\u00bbdefault\u00bb][et_pb_pricing_table featured=\u00bbon\u00bb title=\u00bbMarketing y Publicidad\u00bb sum=\u00bbTe hacemos brillar\u00bb bullet_color=\u00bb#ffffff\u00bb price_background_color=\u00bb#ffffff\u00bb header_background_color=\u00bb#ED6B6E\u00bb _builder_version=\u00bb4.7.3&#8243; _module_preset=\u00bbdefault\u00bb price_text_color=\u00bb#ED6B6E\u00bb header_level=\u00bbh1&#8243; header_font=\u00bbMontserrat|700|||||||\u00bb header_text_color=\u00bb#ffffff\u00bb header_font_size=\u00bb27px\u00bb body_font=\u00bb|600|||||||\u00bb body_line_height=\u00bb1.9em\u00bb subheader_font_size=\u00bb14px\u00bb price_font=\u00bb||on||||||\u00bb price_font_size=\u00bb25px\u00bb price_line_height=\u00bb20px\u00bb border_color_all=\u00bb#ED6B6E\u00bb border_color_all_price=\u00bb#ED6B6E\u00bb border_style_all_price=\u00bbdashed\u00bb sticky_transition=\u00bbon\u00bb]<\/p>\n<p><span>+ Plan de Marketing<\/span><\/p>\n<p><span>+ Publicidad online y offline<\/span><\/p>\n<p><span>+ Email marketing<\/span><\/p>\n<p><span>+ Planificaci\u00f3n de medios<\/span><\/p>\n<p>[\/et_pb_pricing_table][\/et_pb_pricing_tables][\/et_pb_column][et_pb_column type=\u00bb1_3&#8243; _builder_version=\u00bb3.25&#8243; background_position=\u00bbtop_left\u00bb custom_padding=\u00bb|||\u00bb custom_padding__hover=\u00bb|||\u00bb][et_pb_pricing_tables _builder_version=\u00bb4.7.3&#8243; _module_preset=\u00bbdefault\u00bb min_height=\u00bb267px\u00bb height=\u00bb322px\u00bb max_height=\u00bb385px\u00bb][et_pb_pricing_table featured=\u00bbon\u00bb title=\u00bbRepresentaci\u00f3n, promoci\u00f3n tur\u00edstica y RRPP institucional \u00bb sum=\u00bbAcciones comerciales\u00bb bullet_color=\u00bb#ffffff\u00bb price_background_color=\u00bb#ffffff\u00bb header_background_color=\u00bb#ED6B6E\u00bb _builder_version=\u00bb4.7.3&#8243; _module_preset=\u00bbdefault\u00bb price_text_color=\u00bb#ED6B6E\u00bb header_level=\u00bbh1&#8243; header_font=\u00bbMontserrat|700|||||||\u00bb header_text_color=\u00bb#ffffff\u00bb header_font_size=\u00bb24px\u00bb body_font=\u00bb|600|||||||\u00bb body_line_height=\u00bb1.9em\u00bb subheader_font_size=\u00bb14px\u00bb price_font=\u00bb||on||||||\u00bb price_font_size=\u00bb25px\u00bb price_line_height=\u00bb20px\u00bb border_color_all=\u00bb#ED6B6E\u00bb border_color_all_price=\u00bb#ED6B6E\u00bb border_style_all_price=\u00bbdashed\u00bb sticky_transition=\u00bbon\u00bb]<\/p>\n<p><span>+ Visitas comerciales y <em>sales calls<\/em><\/span><\/p>\n<p><span>+ Presentaciones, lanzamiento de producto y espacios de networking<\/span><\/p>\n<p><span>+ Organizaci\u00f3n y representaci\u00f3n en ferias y eventos de turismo<\/span><\/p>\n<p><span>+ Establecimiento de alianzas estrat\u00e9gicas<\/span>[\/et_pb_pricing_table][\/et_pb_pricing_tables][\/et_pb_column][et_pb_column type=\u00bb1_3&#8243; _builder_version=\u00bb3.25&#8243; background_position=\u00bbtop_left\u00bb custom_padding=\u00bb|||\u00bb custom_padding__hover=\u00bb|||\u00bb][et_pb_pricing_tables _builder_version=\u00bb4.7.3&#8243; _module_preset=\u00bbdefault\u00bb][et_pb_pricing_table featured=\u00bbon\u00bb title=\u00bbConsultor\u00eda tur\u00edstica y formaci\u00f3n\u00bb sum=\u00bbSacamos la mejor versi\u00f3n de tu marca\u00bb bullet_color=\u00bb#ffffff\u00bb price_background_color=\u00bb#ffffff\u00bb header_background_color=\u00bb#ED6B6E\u00bb _builder_version=\u00bb4.7.3&#8243; _module_preset=\u00bbdefault\u00bb price_text_color=\u00bb#ED6B6E\u00bb header_level=\u00bbh1&#8243; header_font=\u00bbMontserrat|700|||||||\u00bb header_text_color=\u00bb#ffffff\u00bb header_font_size=\u00bb24px\u00bb body_font=\u00bb|600|||||||\u00bb body_line_height=\u00bb1.9em\u00bb subheader_font_size=\u00bb14px\u00bb price_font=\u00bb||on||||||\u00bb price_font_size=\u00bb25px\u00bb price_line_height=\u00bb20px\u00bb border_color_all=\u00bb#ED6B6E\u00bb border_color_all_price=\u00bb#ED6B6E\u00bb border_style_all_price=\u00bbdashed\u00bb sticky_transition=\u00bbon\u00bb]<\/p>\n<p><span>+ Asesoramos empresas tur\u00edsticas y destinos<\/span><\/p>\n<p><span>+ Formaci\u00f3n en turismo sostenible y comunicaci\u00f3n<\/span><\/p>\n<p><span><\/span><\/p>\n<p>[\/et_pb_pricing_table][\/et_pb_pricing_tables][\/et_pb_column][\/et_pb_row][\/et_pb_section]<\/p>\n","protected":false},"excerpt":{"rendered":"<p>[et_pb_section fb_built=\u00bb1&#8243; fullwidth=\u00bbon\u00bb admin_label=\u00bbPage Header\u00bb _builder_version=\u00bb4.7.3&#8243; background_enable_image=\u00bboff\u00bb parallax=\u00bbon\u00bb custom_margin=\u00bb||-142px|||\u00bb][et_pb_fullwidth_header title=\u00bbServicios de Marketing Tur\u00edstico\u00bb subhead=\u00bbpara empresas y destinos\u00bb header_fullscreen=\u00bbon\u00bb _builder_version=\u00bb4.7.3&#8243; _module_preset=\u00bbdefault\u00bb title_font=\u00bb|700|||||||\u00bb title_font_size=\u00bb35px\u00bb title_line_height=\u00bb1.2em\u00bb subhead_font=\u00bb|700|||||||\u00bb subhead_font_size=\u00bb35px\u00bb subhead_line_height=\u00bb1.3em\u00bb background_image=\u00bbhttps:\/\/tourismmarketingsolutions.com\/wp-content\/uploads\/2021\/01\/20200816_205355.jpg\u00bb background_position=\u00bbbottom_center\u00bb min_height=\u00bb453px\u00bb height=\u00bb477px\u00bb max_height=\u00bb538px\u00bb custom_padding=\u00bb|0px||||\u00bb][\/et_pb_fullwidth_header][\/et_pb_section][et_pb_section fb_built=\u00bb1&#8243; admin_label=\u00bbServices\u00bb _builder_version=\u00bb4.7.3&#8243; module_alignment=\u00bbcenter\u00bb custom_margin=\u00bb||68px|||\u00bb custom_padding=\u00bb0px||153px|||\u00bb border_width_top=\u00bb3px\u00bb border_color_top=\u00bb#12507e\u00bb][et_pb_row column_structure=\u00bb1_3,1_3,1_3&#8243; _builder_version=\u00bb4.7.3&#8243; background_size=\u00bbinitial\u00bb background_position=\u00bbtop_left\u00bb background_repeat=\u00bbrepeat\u00bb custom_padding=\u00bb56px|||||\u00bb][et_pb_column type=\u00bb1_3&#8243; _builder_version=\u00bb4.7.3&#8243; _module_preset=\u00bbdefault\u00bb][et_pb_pricing_tables _builder_version=\u00bb4.7.3&#8243; _module_preset=\u00bbdefault\u00bb][et_pb_pricing_table featured=\u00bbon\u00bb title=\u00bbBranding Integral\u00bb sum=\u00bbTe [&hellip;]<\/p>\n","protected":false},"author":1,"featured_media":0,"parent":0,"menu_order":0,"comment_status":"closed","ping_status":"closed","template":"","meta":{"_et_pb_use_builder":"on","_et_pb_old_content":"","_et_gb_content_width":""},"_links":{"self":[{"href":"https:\/\/tourismmarketingsolutions.com\/index.php?rest_route=\/wp\/v2\/pages\/180"}],"collection":[{"href":"https:\/\/tourismmarketingsolutions.com\/index.php?rest_route=\/wp\/v2\/pages"}],"about":[{"href":"https:\/\/tourismmarketingsolutions.com\/index.php?rest_route=\/wp\/v2\/types\/page"}],"author":[{"embeddable":true,"href":"https:\/\/tourismmarketingsolutions.com\/index.php?rest_route=\/wp\/v2\/users\/1"}],"replies":[{"embeddable":true,"href":"https:\/\/tourismmarketingsolutions.com\/index.php?rest_route=%2Fwp%2Fv2%2Fcomments&post=180"}],"version-history":[{"count":24,"href":"https:\/\/tourismmarketingsolutions.com\/index.php?rest_route=\/wp\/v2\/pages\/180\/revisions"}],"predecessor-version":[{"id":253,"href":"https:\/\/tourismmarketingsolutions.com\/index.php?rest_route=\/wp\/v2\/pages\/180\/revisions\/253"}],"wp:attachment":[{"href":"https:\/\/tourismmarketingsolutions.com\/index.php?rest_route=%2Fwp%2Fv2%2Fmedia&parent=180"}],"curies":[{"name":"wp","href":"https:\/\/api.w.org\/{rel}","templated":true}]}}